{"id":1413,"date":"2025-05-10T23:17:24","date_gmt":"2025-05-10T23:17:24","guid":{"rendered":"https:\/\/apotalic.com\/?page_id=1413"},"modified":"2026-03-18T00:45:38","modified_gmt":"2026-03-18T00:45:38","slug":"rechtliche-hinweise","status":"publish","type":"page","link":"https:\/\/apotalic.com\/de\/rechtliche-hinweise\/","title":{"rendered":"Impressum"},"content":{"rendered":"<p style=\"font-size:30px\">Impressum<\/p>\n\n\n\n<p class=\"has-black-color has-text-color has-link-color wp-elements-7d0138ae4b08c7ae752f10ab9f91ea0c\"><strong>Verantwortlich f\u00fcr den Inhalt dieser Website<\/strong><br><strong>ApoTalic S\u00e0rl - Jovana Talic<\/strong><br>Avenue Giuseppe-Motta 30<br>1202 Genf \u2013 Schweiz<br>\ud83d\udce7 <a>info@pharma2go.ch<\/a><br>\ud83d\udcde +41 77 807 35 20<br>IDE : CHE-152.461.662<br>Beruflicher Status: Selbst\u00e4ndige Apothekerin<\/p>\n\n\n\n<p class=\"has-black-color has-text-color has-link-color wp-elements-0e387c14d9e8d784b326e22a7dae411e\"><strong>Hosting \/ Webhosting<\/strong><br>Alphosting SA \/ TiZoo S\u00e0rl<br>Alpenstra\u00dfe 29<br>1023 Crissier \u2013 Schweiz<br>\ud83c\udf10 <a class=\"\" href=\"https:\/\/www.alphosting.ch\/fr\/\">www.alphosting.ch<\/a><\/p>\n\n\n\n<p class=\"has-black-color has-text-color has-link-color wp-elements-4a3d033491dbb56452e9f9db2e7e9a3b\"><strong>Urheberrecht und geistiges Eigentum<\/strong><br>Alle auf dieser Website ver\u00f6ffentlichten Inhalte (Texte, Bilder, Logos usw.) sind, sofern nicht anders angegeben, ausschlie\u00dfliches Eigentum von Jovana Talic.<br>Jegliche Vervielf\u00e4ltigung, auch auszugsweise, ist ohne vorherige schriftliche Genehmigung untersagt.<\/p>\n\n\n\n<p class=\"has-black-color has-text-color has-link-color wp-elements-44a1c983ca11ca8929fee2f9d9f2f431\"><strong>Haftung<\/strong><br>Die auf dieser Website ver\u00f6ffentlichten Informationen dienen ausschlie\u00dflich zu Informationszwecken. Trotz regelm\u00e4\u00dfiger Aktualisierung wird keine Gew\u00e4hr f\u00fcr die Richtigkeit, Vollst\u00e4ndigkeit oder Aktualit\u00e4t der Inhalte \u00fcbernommen.<br>Der Seitenbetreiber lehnt jede Haftung f\u00fcr Fehler oder Auslassungen ab.<\/p>\n\n\n\n<p class=\"has-black-color has-text-color has-link-color wp-elements-809fcae31fd93d4ffb01a881a9882413\"><strong>Bildnachweis<\/strong><br>Einige auf dieser Website verwendete Bilder stammen aus kostenlosen Bilddatenbanken :<\/p>\n\n\n\n<ul class=\"wp-block-list\">\n<li class=\"has-black-color has-text-color has-link-color wp-elements-3bb19521302672193d3ee29da790828a\">Foto von The Tonik, verf\u00fcgbar auf <a>Unsplash<\/a>.<\/li>\n\n\n\n<li class=\"has-black-color has-text-color has-link-color wp-elements-965910a64db86795154c7f5c557bfdc8\">Foto von RDNE Stock Project, verf\u00fcgbar auf <a>Pexels<\/a>.<\/li>\n\n\n\n<li class=\"has-black-color has-text-color has-link-color wp-elements-d3a52aed6980ee0c4b1639ee12e5b79a\">Foto von Shopify Partners, verf\u00fcgbar auf <a>Burst by Shopify<\/a>.<\/li>\n<\/ul>\n\n\n\n<p class=\"has-black-color has-text-color has-link-color wp-elements-9690939db6dec33fbb7e83c4a27bb185\">Diese Bilder werden gem\u00e4\u00df den jeweiligen Lizenzen von Unsplash, Pexels und Burst verwendet (kostenfreie Nutzung, auch f\u00fcr kommerzielle Zwecke, ohne Pflicht zur Namensnennung \u2013 der Bildnachweis erfolgt hier aus Transparenzgr\u00fcnden).<\/p>\n\n\n\n<hr class=\"wp-block-separator has-alpha-channel-opacity\"\/>\n\n\n\n<h2 class=\"wp-block-heading\" style=\"font-size:25px\">Datenschutzerkl\u00e4rung<\/h2>\n\n\n\n<p class=\"has-black-color has-text-color has-link-color wp-elements-207e9ee570530172e8cb4f71a4f5a05a\"><strong>Datenerhebung<\/strong><br>Die \u00fcber das Kontakt- oder Buchungsformular erhobenen personenbezogenen Daten umfassen insbesondere:<br>\u2022 Vor- und Nachname<br>\u2022 E-Mail-Adresse<br>\u2022 Telefonnummer<br>\u2022 Angaben im Zusammenhang mit einer Vertretungsanfrage<\/p>\n\n\n\n<p class=\"has-black-color has-text-color has-link-color wp-elements-6b9516a525097272829060759ccba368\">Diese Daten sind f\u00fcr die Verwaltung der angebotenen Dienstleistungen erforderlich.<\/p>\n\n\n\n<p class=\"has-black-color has-text-color has-link-color wp-elements-e6cbb1a83fa64f67e84f94f782306d88\"><strong>Verwendung der Daten<\/strong><br>Die Daten werden ausschlie\u00dflich im Rahmen der T\u00e4tigkeit als Apothekenvertretung verwendet.<br>Sie werden weder verkauft noch an Dritte weitergegeben, au\u00dfer im Falle einer gesetzlichen Verpflichtung oder der Inanspruchnahme eines technischen Dienstleisters (z.\u202fB. Hosting-Anbieter).<\/p>\n\n\n\n<p class=\"has-black-color has-text-color has-link-color wp-elements-e5e73d06d2109396d3838b2e86e85fa2\"><strong>Dauer der Speicherung personenbezogener Daten<\/strong><br>Die Daten werden f\u00fcr einen Zeitraum von maximal <strong>12 Monaten<\/strong> nach dem letzten Kontakt gespeichert, es sei denn, gesetzliche Aufbewahrungspflichten verlangen eine l\u00e4ngere Speicherung.<\/p>\n\n\n\n<p class=\"has-black-color has-text-color has-link-color wp-elements-bc4a9703f77e426b0086f0bbdc5cd6b8\"><strong>Datensicherheit<\/strong><br>Es werden technische und organisatorische Ma\u00dfnahmen getroffen, um den Schutz der Daten vor unbefugtem Zugriff, Ver\u00e4nderung oder Verlust zu gew\u00e4hrleisten.<\/p>\n\n\n\n<p class=\"has-black-color has-text-color has-link-color wp-elements-d5783a08fb3a4538dc98c553851d3e76\"><strong>Ihre Rechte<\/strong><br>Gem\u00e4\u00df dem Schweizer Recht und gegebenenfalls der DSGVO (Datenschutz-Grundverordnung) haben Sie folgende Rechte :<br>\u2022 Recht auf Auskunft<br>\u2022 Recht auf Berichtigung oder L\u00f6schung<br>\u2022 Recht auf Widerspruch oder Einschr\u00e4nkung der Verarbeitung<\/p>\n\n\n\n<p class=\"has-black-color has-text-color has-link-color wp-elements-4d94cb37faac50ccf5ee903e187b23fd\">Zur Aus\u00fcbung dieser Rechte wenden Sie sich bitte an : <strong><a>info@pharma2go.ch<\/a><\/strong><\/p>\n\n\n\n<p class=\"has-black-color has-text-color has-link-color wp-elements-9ac00cf961d1ea846fe5a532228b76c6\"><\/p>\n\n\n\n<hr class=\"wp-block-separator has-alpha-channel-opacity\"\/>\n\n\n\n<h2 class=\"wp-block-heading\" style=\"font-size:25px\">\ud83d\udee1\ufe0f Hinweise zur Marke <em>PHARMA2GO<\/em><\/h2>\n\n\n\n<p><\/p>\n\n\n\n<p class=\"has-black-color has-text-color has-link-color wp-elements-2b11fe4aff2be117a93fff7358feb707\"><strong>Pharma2go<\/strong> ist eine exklusive Bezeichnung von <strong>dem Einzelunternehmen ApoTalic<\/strong>, vertreten durch <strong>Jovana Talic<\/strong>, und in der Schweiz eingetragen.<\/p>\n\n\n\n<p class=\"has-black-color has-text-color has-link-color wp-elements-5083ebd7b63869fbedeb2182c81ea8d8\">Diese Marke bezeichnet eine T\u00e4tigkeit im Bereich <strong>der Apothekenvertretung<\/strong> , die ausschlie\u00dflich in der Schweiz ausge\u00fcbt wird. <strong>\u00a0<\/strong>.<\/p>\n\n\n\n<p class=\"has-black-color has-text-color has-link-color wp-elements-e89fb2536e617de00fe2f03ba0344ac2\">Sie hat keine <strong>rechtliche oder gesch\u00e4ftliche Verbindung<\/strong> zu externen Unternehmen mit \u00e4hnlichem Namen, insbesondere zu Firmen mit Sitz in <strong>Malta<\/strong> oder <strong>Belgien.<\/strong>.<\/p>\n\n\n\n<p class=\"has-black-color has-text-color has-link-color wp-elements-70d4cbbaf30e07094b04786c28bb18df\">Jegliche Nutzung, Vervielf\u00e4ltigung oder Nachahmung der Marke <em>Pharma2go<\/em> im Zusammenhang mit \u00e4hnlichen Dienstleistungen ist <strong>strengstens untersagt<\/strong> (ohne vorherige schriftliche Genehmigung).<\/p>\n\n\n\n<p class=\"has-black-color has-text-color has-link-color wp-elements-9ac00cf961d1ea846fe5a532228b76c6\"><\/p>\n\n\n\n<hr class=\"wp-block-separator has-alpha-channel-opacity\"\/>\n\n\n\n<p class=\"has-black-color has-text-color has-link-color wp-elements-0615312dba2e45c2f6d1635e6bd6bcdd\"><br>AUSGE\u00dcBTE T\u00c4TIGKEIT<\/p>\n\n\n\n<p>Art der Leistungen<br>Die angebotene Dienstleistung entspricht einer Vertretungst\u00e4tigkeit in einer Apotheke, die von einer diplomierten und in der Schweiz zugelassenen Apothekerin oder einem diplomierten und in der Schweiz zugelassenen Apotheker durchgef\u00fchrt wird.<\/p>\n\n\n\n<p>Zu den Leistungen geh\u00f6ren unter anderem:<br>- Kontrolle von \u00e4rztlichen Rezepten<br>- Abgabe von Medikamenten und Medizinprodukten<br>- Pharmazeutische Beratung und Begleitung von Patienten an der Theke<\/p>\n\n\n\n<p>Grenzen der Leistungen<br>Die Leistungen <strong>beinhalten nicht<\/strong> interne Verwaltungsaufgaben, Dokumentenmanagement (Ordner, Archivierung), noch Back-Office-T\u00e4tigkeiten oder die allgemeine Verwaltung der Apotheke, <strong>es sei denn, dies wurde im Voraus schriftlich zwischen beiden Parteien vereinbart<\/strong>.<\/p>\n\n\n\n<p>Gesetzlicher Rahmen<br>Die T\u00e4tigkeit wird unter Einhaltung der geltenden kantonalen und eidgen\u00f6ssischen gesetzlichen Bestimmungen f\u00fcr die pharmazeutische Praxis ausge\u00fcbt.<\/p>","protected":false},"excerpt":{"rendered":"<p>MENTIONS L\u00c9GALES \u00c9diteur du siteApoTalic S\u00e0rl &#8211; Jovana TalicAvenue Giuseppe-Motta 301202 Gen\u00e8ve \u2013 Suisse\ud83d\udce7 info@pharma2go.ch\ud83d\udcde +41 77 807 35 20IDE : CHE-152.461.662Statut : Pharmacienne ind\u00e9pendante H\u00e9bergementAlphosting SA \/ TiZoo S\u00e0rlRue &#8230;<\/p>","protected":false},"author":1,"featured_media":0,"parent":0,"menu_order":0,"comment_status":"closed","ping_status":"closed","template":"","meta":{"footnotes":""},"class_list":["post-1413","page","type-page","status-publish","hentry"],"yoast_head":"<!-- This site is optimized with the Yoast SEO plugin v25.2 - https:\/\/yoast.com\/wordpress\/plugins\/seo\/ -->\n<title>Mentions l\u00e9gales &#8212; Pharma2go<\/title>\n<meta name=\"robots\" content=\"index, follow, max-snippet:-1, max-image-preview:large, max-video-preview:-1\" \/>\n<link rel=\"canonical\" href=\"https:\/\/apotalic.com\/de\/rechtliche-hinweise\/\" \/>\n<meta property=\"og:locale\" content=\"de_DE\" \/>\n<meta property=\"og:type\" content=\"article\" \/>\n<meta property=\"og:title\" content=\"Mentions l\u00e9gales &#8212; Pharma2go\" \/>\n<meta property=\"og:description\" content=\"MENTIONS L\u00c9GALES \u00c9diteur du siteApoTalic S\u00e0rl &#8211; Jovana TalicAvenue Giuseppe-Motta 301202 Gen\u00e8ve \u2013 Suisse\ud83d\udce7 info@pharma2go.ch\ud83d\udcde +41 77 807 35 20IDE : CHE-152.461.662Statut : Pharmacienne ind\u00e9pendante H\u00e9bergementAlphosting SA \/ TiZoo S\u00e0rlRue ...\" \/>\n<meta property=\"og:url\" content=\"https:\/\/apotalic.com\/de\/rechtliche-hinweise\/\" \/>\n<meta property=\"og:site_name\" content=\"Pharma2go\" \/>\n<meta property=\"article:modified_time\" content=\"2026-03-18T00:45:38+00:00\" \/>\n<meta property=\"og:image\" content=\"https:\/\/apotalic.com\/wp-content\/uploads\/2025\/05\/LOGO-SEUL-1.png\" \/>\n\t<meta property=\"og:image:width\" content=\"500\" \/>\n\t<meta property=\"og:image:height\" content=\"500\" \/>\n\t<meta property=\"og:image:type\" content=\"image\/png\" \/>\n<meta name=\"twitter:card\" content=\"summary_large_image\" \/>\n<meta name=\"twitter:label1\" content=\"Gesch\u00e4tzte Lesezeit\" \/>\n\t<meta name=\"twitter:data1\" content=\"3\u00a0Minuten\" \/>\n<script type=\"application\/ld+json\" class=\"yoast-schema-graph\">{\"@context\":\"https:\/\/schema.org\",\"@graph\":[{\"@type\":\"WebPage\",\"@id\":\"https:\/\/apotalic.com\/mentions-legales\/\",\"url\":\"https:\/\/apotalic.com\/mentions-legales\/\",\"name\":\"Mentions l\u00e9gales &#8212; Pharma2go\",\"isPartOf\":{\"@id\":\"https:\/\/apotalic.com\/#website\"},\"datePublished\":\"2025-05-10T23:17:24+00:00\",\"dateModified\":\"2026-03-18T00:45:38+00:00\",\"breadcrumb\":{\"@id\":\"https:\/\/apotalic.com\/mentions-legales\/#breadcrumb\"},\"inLanguage\":\"de\",\"potentialAction\":[{\"@type\":\"ReadAction\",\"target\":[\"https:\/\/apotalic.com\/mentions-legales\/\"]}]},{\"@type\":\"BreadcrumbList\",\"@id\":\"https:\/\/apotalic.com\/mentions-legales\/#breadcrumb\",\"itemListElement\":[{\"@type\":\"ListItem\",\"position\":1,\"name\":\"Accueil\",\"item\":\"https:\/\/apotalic.com\/\"},{\"@type\":\"ListItem\",\"position\":2,\"name\":\"Mentions l\u00e9gales\"}]},{\"@type\":\"WebSite\",\"@id\":\"https:\/\/apotalic.com\/#website\",\"url\":\"https:\/\/apotalic.com\/\",\"name\":\"Pharma2go\",\"description\":\"Remplacement en pharmacie dans toute la Suisse\",\"publisher\":{\"@id\":\"https:\/\/apotalic.com\/#organization\"},\"alternateName\":\"ApoTalic\",\"potentialAction\":[{\"@type\":\"SearchAction\",\"target\":{\"@type\":\"EntryPoint\",\"urlTemplate\":\"https:\/\/apotalic.com\/?s={search_term_string}\"},\"query-input\":{\"@type\":\"PropertyValueSpecification\",\"valueRequired\":true,\"valueName\":\"search_term_string\"}}],\"inLanguage\":\"de\"},{\"@type\":\"Organization\",\"@id\":\"https:\/\/apotalic.com\/#organization\",\"name\":\"ApoTalic \u2013 Remplacement en pharmacie (Pharma2go)\",\"url\":\"https:\/\/apotalic.com\/\",\"logo\":{\"@type\":\"ImageObject\",\"inLanguage\":\"de\",\"@id\":\"https:\/\/apotalic.com\/#\/schema\/logo\/image\/\",\"url\":\"https:\/\/apotalic.com\/wp-content\/uploads\/2025\/05\/cropped-LOGO-SEUL-1-1.png\",\"contentUrl\":\"https:\/\/apotalic.com\/wp-content\/uploads\/2025\/05\/cropped-LOGO-SEUL-1-1.png\",\"width\":364,\"height\":101,\"caption\":\"ApoTalic \u2013 Remplacement en pharmacie (Pharma2go)\"},\"image\":{\"@id\":\"https:\/\/apotalic.com\/#\/schema\/logo\/image\/\"}}]}<\/script>\n<!-- \/ Yoast SEO plugin. -->","yoast_head_json":{"title":"Rechtliche Hinweise - Pharma2go","robots":{"index":"index","follow":"follow","max-snippet":"max-snippet:-1","max-image-preview":"max-image-preview:large","max-video-preview":"max-video-preview:-1"},"canonical":"https:\/\/apotalic.com\/de\/rechtliche-hinweise\/","og_locale":"de_DE","og_type":"article","og_title":"Mentions l\u00e9gales &#8212; Pharma2go","og_description":"MENTIONS L\u00c9GALES \u00c9diteur du siteApoTalic S\u00e0rl &#8211; Jovana TalicAvenue Giuseppe-Motta 301202 Gen\u00e8ve \u2013 Suisse\ud83d\udce7 info@pharma2go.ch\ud83d\udcde +41 77 807 35 20IDE : CHE-152.461.662Statut : Pharmacienne ind\u00e9pendante H\u00e9bergementAlphosting SA \/ TiZoo S\u00e0rlRue ...","og_url":"https:\/\/apotalic.com\/de\/rechtliche-hinweise\/","og_site_name":"Pharma2go","article_modified_time":"2026-03-18T00:45:38+00:00","og_image":[{"width":500,"height":500,"url":"https:\/\/apotalic.com\/wp-content\/uploads\/2025\/05\/LOGO-SEUL-1.png","type":"image\/png"}],"twitter_card":"summary_large_image","twitter_misc":{"Gesch\u00e4tzte Lesezeit":"3\u00a0Minuten"},"schema":{"@context":"https:\/\/schema.org","@graph":[{"@type":"WebPage","@id":"https:\/\/apotalic.com\/mentions-legales\/","url":"https:\/\/apotalic.com\/mentions-legales\/","name":"Rechtliche Hinweise - Pharma2go","isPartOf":{"@id":"https:\/\/apotalic.com\/#website"},"datePublished":"2025-05-10T23:17:24+00:00","dateModified":"2026-03-18T00:45:38+00:00","breadcrumb":{"@id":"https:\/\/apotalic.com\/mentions-legales\/#breadcrumb"},"inLanguage":"de","potentialAction":[{"@type":"ReadAction","target":["https:\/\/apotalic.com\/mentions-legales\/"]}]},{"@type":"BreadcrumbList","@id":"https:\/\/apotalic.com\/mentions-legales\/#breadcrumb","itemListElement":[{"@type":"ListItem","position":1,"name":"Accueil","item":"https:\/\/apotalic.com\/"},{"@type":"ListItem","position":2,"name":"Mentions l\u00e9gales"}]},{"@type":"WebSite","@id":"https:\/\/apotalic.com\/#website","url":"https:\/\/apotalic.com\/","name":"Pharma2go","description":"Vertretung in der Apotheke in der ganzen Schweiz","publisher":{"@id":"https:\/\/apotalic.com\/#organization"},"alternateName":"ApoTalic","potentialAction":[{"@type":"SearchAction","target":{"@type":"EntryPoint","urlTemplate":"https:\/\/apotalic.com\/?s={search_term_string}"},"query-input":{"@type":"PropertyValueSpecification","valueRequired":true,"valueName":"search_term_string"}}],"inLanguage":"de"},{"@type":"Organization","@id":"https:\/\/apotalic.com\/#organization","name":"ApoTalic - Vertretung in der Apotheke (Pharma2go)","url":"https:\/\/apotalic.com\/","logo":{"@type":"ImageObject","inLanguage":"de","@id":"https:\/\/apotalic.com\/#\/schema\/logo\/image\/","url":"https:\/\/apotalic.com\/wp-content\/uploads\/2025\/05\/cropped-LOGO-SEUL-1-1.png","contentUrl":"https:\/\/apotalic.com\/wp-content\/uploads\/2025\/05\/cropped-LOGO-SEUL-1-1.png","width":364,"height":101,"caption":"ApoTalic \u2013 Remplacement en pharmacie (Pharma2go)"},"image":{"@id":"https:\/\/apotalic.com\/#\/schema\/logo\/image\/"}}]}},"_links":{"self":[{"href":"https:\/\/apotalic.com\/de\/wp-json\/wp\/v2\/pages\/1413","targetHints":{"allow":["GET"]}}],"collection":[{"href":"https:\/\/apotalic.com\/de\/wp-json\/wp\/v2\/pages"}],"about":[{"href":"https:\/\/apotalic.com\/de\/wp-json\/wp\/v2\/types\/page"}],"author":[{"embeddable":true,"href":"https:\/\/apotalic.com\/de\/wp-json\/wp\/v2\/users\/1"}],"replies":[{"embeddable":true,"href":"https:\/\/apotalic.com\/de\/wp-json\/wp\/v2\/comments?post=1413"}],"version-history":[{"count":12,"href":"https:\/\/apotalic.com\/de\/wp-json\/wp\/v2\/pages\/1413\/revisions"}],"predecessor-version":[{"id":1919,"href":"https:\/\/apotalic.com\/de\/wp-json\/wp\/v2\/pages\/1413\/revisions\/1919"}],"wp:attachment":[{"href":"https:\/\/apotalic.com\/de\/wp-json\/wp\/v2\/media?parent=1413"}],"curies":[{"name":"wp","href":"https:\/\/api.w.org\/{rel}","templated":true}]}}