{"id":1626,"date":"2025-05-22T01:06:16","date_gmt":"2025-05-22T01:06:16","guid":{"rendered":"https:\/\/apotalic.com\/?page_id=1626"},"modified":"2025-05-25T21:16:51","modified_gmt":"2025-05-25T21:16:51","slug":"temoignages","status":"publish","type":"page","link":"https:\/\/apotalic.com\/fr\/temoignages\/","title":{"rendered":"T\u00e9moignages"},"content":{"rendered":"\n<p>D\u00e9j\u00e0 collabor\u00e9 avec moi ? Partagez votre exp\u00e9rience.<\/p>\n\n\n<div class=\"strong-view strong-form strong-view-id-1 default-form wpmtst-default-form temoignages\" data-state=\"idle\"><div class=\"strong-form-wait\" data-formid=\"1\"><div class=\"message\"><img decoding=\"async\" src=\"https:\/\/apotalic.com\/wp-content\/plugins\/strong-testimonials\/assets\/public\/svg\/spinner-solid.svg\" alt=\"Spinner d\u2019envoi de formulaire Strong Testimonials.\"><\/div><\/div><div class=\"wpmtst-form wpmtst-form-id-1\"><div class=\"strong-form-inner\"><form class=\"wpmtst-submission-form\" method=\"post\" enctype=\"multipart\/form-data\" autocomplete=\"off\" data-config=\"{&quot;scroll&quot;:{&quot;onError&quot;:true,&quot;onErrorOffset&quot;:80,&quot;onSuccess&quot;:true,&quot;onSuccessOffset&quot;:80},&quot;fields&quot;:[{&quot;name&quot;:&quot;featured_image&quot;,&quot;type&quot;:&quot;file&quot;,&quot;required&quot;:0},{&quot;name&quot;:&quot;ville&quot;,&quot;type&quot;:&quot;text&quot;,&quot;required&quot;:1},{&quot;name&quot;:&quot;client_name&quot;,&quot;type&quot;:&quot;text&quot;,&quot;required&quot;:1},{&quot;name&quot;:&quot;email&quot;,&quot;type&quot;:&quot;email&quot;,&quot;required&quot;:1},{&quot;name&quot;:&quot;company_name&quot;,&quot;type&quot;:&quot;text&quot;,&quot;required&quot;:1},{&quot;name&quot;:&quot;post_title&quot;,&quot;type&quot;:&quot;text&quot;,&quot;required&quot;:0},{&quot;name&quot;:&quot;post_content&quot;,&quot;type&quot;:&quot;textarea&quot;,&quot;required&quot;:1}]}\" data-formid = \"1\"><div style=\"display: none;\"><input type=\"hidden\" id=\"wpmtst_form_nonce\" name=\"wpmtst_form_nonce\" value=\"901ec944c9\" \/><input type=\"hidden\" name=\"_wp_http_referer\" value=\"\/fr\/wp-json\/wp\/v2\/pages\/1626\" \/><input type=\"hidden\" name=\"action\" value=\"wpmtst_form\"><input type=\"hidden\" name=\"form_id\" value=\"1\"><input type=\"hidden\" name=\"default_category\" value=\"\"><input type=\"hidden\" name=\"view_id\" value=\"1\"><input type=\"hidden\" name=\"category\" value=\"\"><\/div><div class=\"form-field field-featured_image\"><label for=\"wpmtst_featured_image\" class=\"field-featured_image\">Photo<\/label><div class=\"field-wrap\"><input id=\"wpmtst_featured_image\" type=\"file\" name=\"featured_image\" tabindex=\"0\"><\/div><span class=\"after\"><\/span><\/div><div class=\"form-field field-ville\"><label for=\"wpmtst_ville\" class=\"field-ville\">Ville de l'officine<\/label><span class=\"required symbol\"><\/span><input id=\"wpmtst_ville\" type=\"text\" class=\"text\" name=\"ville\"  value=\"\" placeholder=\"\"   required tabindex=\"0\"><span class=\"after\"><\/span><\/div><div class=\"form-field field-client_name\"><label for=\"wpmtst_client_name\" class=\"field-client_name\">Pr\u00e9nom<\/label><span class=\"required symbol\"><\/span><input id=\"wpmtst_client_name\" type=\"text\" class=\"text\" name=\"client_name\"  value=\"\" placeholder=\"\"   required tabindex=\"0\"><span class=\"after\"><\/span><\/div><div class=\"form-field field-email\"><label for=\"wpmtst_email\" class=\"field-email\">E-mail<\/label><span class=\"required symbol\"><\/span><input id=\"wpmtst_email\" type=\"email\" class=\"text email\" name=\"email\"  value=\"\" placeholder=\"Ne sera pas publi\u00e9\"   required tabindex=\"0\"><span class=\"after\"><\/span><\/div><div class=\"form-field field-company_name\"><label for=\"wpmtst_company_name\" class=\"field-company_name\">Fonction<\/label><span class=\"required symbol\"><\/span><input id=\"wpmtst_company_name\" type=\"text\" class=\"text\" name=\"company_name\"  value=\"\" placeholder=\"ex. Pharmacien responsable, Assistant en pharmacie, RH, ...\"   required tabindex=\"0\"><span class=\"after\"><\/span><\/div><div class=\"form-field field-post_title\"><label for=\"wpmtst_post_title\" class=\"field-post_title\">Titre<\/label><input id=\"wpmtst_post_title\" type=\"text\" class=\"text\" name=\"post_title\"  value=\"\" placeholder=\"Une phrase courte qui r\u00e9sume votre t\u00e9moignage\"   tabindex=\"0\"><span class=\"after\"><\/span><\/div><div class=\"form-field field-post_content\"><label for=\"wpmtst_post_content\" class=\"field-post_content\">Votre t\u00e9moignage<\/label><span class=\"required symbol\"><\/span><textarea id=\"wpmtst_post_content\" name=\"post_content\" class=\"textarea\"  required placeholder=\"\"  tabindex=\"0\"><\/textarea><span class=\"after\"><\/span><\/div><div class=\"form-field wpmtst-submit\"><label><input type=\"submit\" class=\"wpmtst_submit_testimonial\" name=\"wpmtst_submit_testimonial\" value=\"Envoyer le t\u00e9moignage\" class=\"button\" tabindex=\"0\"><\/label><\/div><\/form><\/div><\/div><\/div>\n","protected":false},"excerpt":{"rendered":"<p>D\u00e9j\u00e0 collabor\u00e9 avec moi ? Partagez votre exp\u00e9rience.<\/p>\n","protected":false},"author":1,"featured_media":0,"parent":0,"menu_order":0,"comment_status":"closed","ping_status":"closed","template":"","meta":{"footnotes":""},"class_list":["post-1626","page","type-page","status-publish","hentry"],"yoast_head":"<!-- This site is optimized with the Yoast SEO plugin v25.2 - https:\/\/yoast.com\/wordpress\/plugins\/seo\/ -->\n<title>T\u00e9moignages &#8212; Pharma2go<\/title>\n<meta name=\"robots\" content=\"index, follow, max-snippet:-1, max-image-preview:large, max-video-preview:-1\" \/>\n<link rel=\"canonical\" href=\"https:\/\/apotalic.com\/fr\/temoignages\/\" \/>\n<meta property=\"og:locale\" content=\"fr_FR\" \/>\n<meta property=\"og:type\" content=\"article\" \/>\n<meta property=\"og:title\" content=\"T\u00e9moignages &#8212; Pharma2go\" \/>\n<meta property=\"og:description\" content=\"D\u00e9j\u00e0 collabor\u00e9 avec moi ? Partagez votre exp\u00e9rience.\" \/>\n<meta property=\"og:url\" content=\"https:\/\/apotalic.com\/fr\/temoignages\/\" \/>\n<meta property=\"og:site_name\" content=\"Pharma2go\" \/>\n<meta property=\"article:modified_time\" content=\"2025-05-25T21:16:51+00:00\" \/>\n<meta property=\"og:image\" content=\"https:\/\/apotalic.com\/wp-content\/uploads\/2025\/05\/LOGO-SEUL-1.png\" \/>\n\t<meta property=\"og:image:width\" content=\"500\" \/>\n\t<meta property=\"og:image:height\" content=\"500\" \/>\n\t<meta property=\"og:image:type\" content=\"image\/png\" \/>\n<meta name=\"twitter:card\" content=\"summary_large_image\" \/>\n<script type=\"application\/ld+json\" class=\"yoast-schema-graph\">{\"@context\":\"https:\/\/schema.org\",\"@graph\":[{\"@type\":\"WebPage\",\"@id\":\"https:\/\/apotalic.com\/temoignages\/\",\"url\":\"https:\/\/apotalic.com\/temoignages\/\",\"name\":\"T\u00e9moignages &#8212; Pharma2go\",\"isPartOf\":{\"@id\":\"https:\/\/apotalic.com\/#website\"},\"datePublished\":\"2025-05-22T01:06:16+00:00\",\"dateModified\":\"2025-05-25T21:16:51+00:00\",\"breadcrumb\":{\"@id\":\"https:\/\/apotalic.com\/temoignages\/#breadcrumb\"},\"inLanguage\":\"fr-FR\",\"potentialAction\":[{\"@type\":\"ReadAction\",\"target\":[\"https:\/\/apotalic.com\/temoignages\/\"]}]},{\"@type\":\"BreadcrumbList\",\"@id\":\"https:\/\/apotalic.com\/temoignages\/#breadcrumb\",\"itemListElement\":[{\"@type\":\"ListItem\",\"position\":1,\"name\":\"Accueil\",\"item\":\"https:\/\/apotalic.com\/\"},{\"@type\":\"ListItem\",\"position\":2,\"name\":\"T\u00e9moignages\"}]},{\"@type\":\"WebSite\",\"@id\":\"https:\/\/apotalic.com\/#website\",\"url\":\"https:\/\/apotalic.com\/\",\"name\":\"Pharma2go\",\"description\":\"Remplacement en pharmacie dans toute la Suisse\",\"publisher\":{\"@id\":\"https:\/\/apotalic.com\/#organization\"},\"alternateName\":\"ApoTalic\",\"potentialAction\":[{\"@type\":\"SearchAction\",\"target\":{\"@type\":\"EntryPoint\",\"urlTemplate\":\"https:\/\/apotalic.com\/?s={search_term_string}\"},\"query-input\":{\"@type\":\"PropertyValueSpecification\",\"valueRequired\":true,\"valueName\":\"search_term_string\"}}],\"inLanguage\":\"fr-FR\"},{\"@type\":\"Organization\",\"@id\":\"https:\/\/apotalic.com\/#organization\",\"name\":\"ApoTalic \u2013 Remplacement en pharmacie (Pharma2go)\",\"url\":\"https:\/\/apotalic.com\/\",\"logo\":{\"@type\":\"ImageObject\",\"inLanguage\":\"fr-FR\",\"@id\":\"https:\/\/apotalic.com\/#\/schema\/logo\/image\/\",\"url\":\"https:\/\/apotalic.com\/wp-content\/uploads\/2025\/05\/cropped-LOGO-SEUL-1-1.png\",\"contentUrl\":\"https:\/\/apotalic.com\/wp-content\/uploads\/2025\/05\/cropped-LOGO-SEUL-1-1.png\",\"width\":364,\"height\":101,\"caption\":\"ApoTalic \u2013 Remplacement en pharmacie (Pharma2go)\"},\"image\":{\"@id\":\"https:\/\/apotalic.com\/#\/schema\/logo\/image\/\"}}]}<\/script>\n<!-- \/ Yoast SEO plugin. -->","yoast_head_json":{"title":"T\u00e9moignages &#8212; Pharma2go","robots":{"index":"index","follow":"follow","max-snippet":"max-snippet:-1","max-image-preview":"max-image-preview:large","max-video-preview":"max-video-preview:-1"},"canonical":"https:\/\/apotalic.com\/fr\/temoignages\/","og_locale":"fr_FR","og_type":"article","og_title":"T\u00e9moignages &#8212; Pharma2go","og_description":"D\u00e9j\u00e0 collabor\u00e9 avec moi ? Partagez votre exp\u00e9rience.","og_url":"https:\/\/apotalic.com\/fr\/temoignages\/","og_site_name":"Pharma2go","article_modified_time":"2025-05-25T21:16:51+00:00","og_image":[{"width":500,"height":500,"url":"https:\/\/apotalic.com\/wp-content\/uploads\/2025\/05\/LOGO-SEUL-1.png","type":"image\/png"}],"twitter_card":"summary_large_image","schema":{"@context":"https:\/\/schema.org","@graph":[{"@type":"WebPage","@id":"https:\/\/apotalic.com\/temoignages\/","url":"https:\/\/apotalic.com\/temoignages\/","name":"T\u00e9moignages &#8212; Pharma2go","isPartOf":{"@id":"https:\/\/apotalic.com\/#website"},"datePublished":"2025-05-22T01:06:16+00:00","dateModified":"2025-05-25T21:16:51+00:00","breadcrumb":{"@id":"https:\/\/apotalic.com\/temoignages\/#breadcrumb"},"inLanguage":"fr-FR","potentialAction":[{"@type":"ReadAction","target":["https:\/\/apotalic.com\/temoignages\/"]}]},{"@type":"BreadcrumbList","@id":"https:\/\/apotalic.com\/temoignages\/#breadcrumb","itemListElement":[{"@type":"ListItem","position":1,"name":"Accueil","item":"https:\/\/apotalic.com\/"},{"@type":"ListItem","position":2,"name":"T\u00e9moignages"}]},{"@type":"WebSite","@id":"https:\/\/apotalic.com\/#website","url":"https:\/\/apotalic.com\/","name":"Pharma2go","description":"Remplacement en pharmacie dans toute la Suisse","publisher":{"@id":"https:\/\/apotalic.com\/#organization"},"alternateName":"ApoTalic","potentialAction":[{"@type":"SearchAction","target":{"@type":"EntryPoint","urlTemplate":"https:\/\/apotalic.com\/?s={search_term_string}"},"query-input":{"@type":"PropertyValueSpecification","valueRequired":true,"valueName":"search_term_string"}}],"inLanguage":"fr-FR"},{"@type":"Organization","@id":"https:\/\/apotalic.com\/#organization","name":"ApoTalic \u2013 Remplacement en pharmacie (Pharma2go)","url":"https:\/\/apotalic.com\/","logo":{"@type":"ImageObject","inLanguage":"fr-FR","@id":"https:\/\/apotalic.com\/#\/schema\/logo\/image\/","url":"https:\/\/apotalic.com\/wp-content\/uploads\/2025\/05\/cropped-LOGO-SEUL-1-1.png","contentUrl":"https:\/\/apotalic.com\/wp-content\/uploads\/2025\/05\/cropped-LOGO-SEUL-1-1.png","width":364,"height":101,"caption":"ApoTalic \u2013 Remplacement en pharmacie (Pharma2go)"},"image":{"@id":"https:\/\/apotalic.com\/#\/schema\/logo\/image\/"}}]}},"_links":{"self":[{"href":"https:\/\/apotalic.com\/fr\/wp-json\/wp\/v2\/pages\/1626","targetHints":{"allow":["GET"]}}],"collection":[{"href":"https:\/\/apotalic.com\/fr\/wp-json\/wp\/v2\/pages"}],"about":[{"href":"https:\/\/apotalic.com\/fr\/wp-json\/wp\/v2\/types\/page"}],"author":[{"embeddable":true,"href":"https:\/\/apotalic.com\/fr\/wp-json\/wp\/v2\/users\/1"}],"replies":[{"embeddable":true,"href":"https:\/\/apotalic.com\/fr\/wp-json\/wp\/v2\/comments?post=1626"}],"version-history":[{"count":6,"href":"https:\/\/apotalic.com\/fr\/wp-json\/wp\/v2\/pages\/1626\/revisions"}],"predecessor-version":[{"id":1803,"href":"https:\/\/apotalic.com\/fr\/wp-json\/wp\/v2\/pages\/1626\/revisions\/1803"}],"wp:attachment":[{"href":"https:\/\/apotalic.com\/fr\/wp-json\/wp\/v2\/media?parent=1626"}],"curies":[{"name":"wp","href":"https:\/\/api.w.org\/{rel}","templated":true}]}}