{"id":21,"date":"2016-02-12T08:10:47","date_gmt":"2016-02-12T08:10:47","guid":{"rendered":"http:\/\/demos.famethemes.com\/onepress-plus\/?page_id=21"},"modified":"2025-05-13T15:05:50","modified_gmt":"2025-05-13T15:05:50","slug":"our-achievements","status":"publish","type":"page","link":"https:\/\/apotalic.com\/fr\/our-achievements\/","title":{"rendered":"Mon Engagement"},"content":{"rendered":"\n<p style=\"text-align: justify;\">\nEn tant que pharmacienne ind\u00e9pendante, je propose un service professionnel, humain et enti\u00e8rement personnalis\u00e9, adapt\u00e9 aux besoins de chaque officine. Chaque mission est assur\u00e9e dans le respect strict du secret professionnel et de la confidentialit\u00e9 des donn\u00e9es.\n\nMon r\u00f4le ne se limite pas \u00e0 la d\u00e9livrance : j\u2019accorde une attention particuli\u00e8re \u00e0 l\u2019accompagnement des patients, \u00e0 une bonne coh\u00e9sion d&rsquo;\u00e9quipe et \u00e0 la qualit\u00e9 de la prise en charge. Je m\u2019attache \u00e0 garantir un remplacement fiable, bas\u00e9 sur la confiance, la collaboration et la continuit\u00e9 des soins.\n<\/p>\n","protected":false},"excerpt":{"rendered":"<p>Nullam ut tempor eros. Donec faucibus, velit et imperdiet aliquam, lacus velit luctus urna, vitae porttitor orci libero id felis.<\/p>\n","protected":false},"author":2,"featured_media":1499,"parent":0,"menu_order":0,"comment_status":"closed","ping_status":"closed","template":"","meta":{"footnotes":""},"class_list":["post-21","page","type-page","status-publish","has-post-thumbnail","hentry"],"yoast_head":"<!-- This site is optimized with the Yoast SEO plugin v25.2 - https:\/\/yoast.com\/wordpress\/plugins\/seo\/ -->\n<title>Mon Engagement &#8212; Pharma2go<\/title>\n<meta name=\"robots\" content=\"index, follow, max-snippet:-1, max-image-preview:large, max-video-preview:-1\" \/>\n<link rel=\"canonical\" href=\"https:\/\/apotalic.com\/fr\/our-achievements\/\" \/>\n<meta property=\"og:locale\" content=\"fr_FR\" \/>\n<meta property=\"og:type\" content=\"article\" \/>\n<meta property=\"og:title\" content=\"Mon Engagement &#8212; Pharma2go\" \/>\n<meta property=\"og:description\" content=\"Nullam ut tempor eros. Donec faucibus, velit et imperdiet aliquam, lacus velit luctus urna, vitae porttitor orci libero id felis.\" \/>\n<meta property=\"og:url\" content=\"https:\/\/apotalic.com\/fr\/our-achievements\/\" \/>\n<meta property=\"og:site_name\" content=\"Pharma2go\" \/>\n<meta property=\"article:modified_time\" content=\"2025-05-13T15:05:50+00:00\" \/>\n<meta property=\"og:image\" content=\"https:\/\/apotalic.com\/wp-content\/uploads\/2025\/05\/pexels-rdne-8580782-1-edited-scaled.jpg\" \/>\n\t<meta property=\"og:image:width\" content=\"2560\" \/>\n\t<meta property=\"og:image:height\" content=\"1707\" \/>\n\t<meta property=\"og:image:type\" content=\"image\/jpeg\" \/>\n<meta name=\"twitter:card\" content=\"summary_large_image\" \/>\n<script type=\"application\/ld+json\" class=\"yoast-schema-graph\">{\"@context\":\"https:\/\/schema.org\",\"@graph\":[{\"@type\":\"WebPage\",\"@id\":\"https:\/\/apotalic.com\/our-achievements\/\",\"url\":\"https:\/\/apotalic.com\/our-achievements\/\",\"name\":\"Mon Engagement &#8212; Pharma2go\",\"isPartOf\":{\"@id\":\"https:\/\/apotalic.com\/#website\"},\"primaryImageOfPage\":{\"@id\":\"https:\/\/apotalic.com\/our-achievements\/#primaryimage\"},\"image\":{\"@id\":\"https:\/\/apotalic.com\/our-achievements\/#primaryimage\"},\"thumbnailUrl\":\"https:\/\/apotalic.com\/wp-content\/uploads\/2025\/05\/pexels-rdne-8580782-1-edited-scaled.jpg\",\"datePublished\":\"2016-02-12T08:10:47+00:00\",\"dateModified\":\"2025-05-13T15:05:50+00:00\",\"breadcrumb\":{\"@id\":\"https:\/\/apotalic.com\/our-achievements\/#breadcrumb\"},\"inLanguage\":\"fr-FR\",\"potentialAction\":[{\"@type\":\"ReadAction\",\"target\":[\"https:\/\/apotalic.com\/our-achievements\/\"]}]},{\"@type\":\"ImageObject\",\"inLanguage\":\"fr-FR\",\"@id\":\"https:\/\/apotalic.com\/our-achievements\/#primaryimage\",\"url\":\"https:\/\/apotalic.com\/wp-content\/uploads\/2025\/05\/pexels-rdne-8580782-1-edited-scaled.jpg\",\"contentUrl\":\"https:\/\/apotalic.com\/wp-content\/uploads\/2025\/05\/pexels-rdne-8580782-1-edited-scaled.jpg\",\"width\":2560,\"height\":1707},{\"@type\":\"BreadcrumbList\",\"@id\":\"https:\/\/apotalic.com\/our-achievements\/#breadcrumb\",\"itemListElement\":[{\"@type\":\"ListItem\",\"position\":1,\"name\":\"Accueil\",\"item\":\"https:\/\/apotalic.com\/\"},{\"@type\":\"ListItem\",\"position\":2,\"name\":\"Mon Engagement\"}]},{\"@type\":\"WebSite\",\"@id\":\"https:\/\/apotalic.com\/#website\",\"url\":\"https:\/\/apotalic.com\/\",\"name\":\"Pharma2go\",\"description\":\"Remplacement en pharmacie dans toute la Suisse\",\"publisher\":{\"@id\":\"https:\/\/apotalic.com\/#organization\"},\"alternateName\":\"ApoTalic\",\"potentialAction\":[{\"@type\":\"SearchAction\",\"target\":{\"@type\":\"EntryPoint\",\"urlTemplate\":\"https:\/\/apotalic.com\/?s={search_term_string}\"},\"query-input\":{\"@type\":\"PropertyValueSpecification\",\"valueRequired\":true,\"valueName\":\"search_term_string\"}}],\"inLanguage\":\"fr-FR\"},{\"@type\":\"Organization\",\"@id\":\"https:\/\/apotalic.com\/#organization\",\"name\":\"ApoTalic \u2013 Remplacement en pharmacie (Pharma2go)\",\"url\":\"https:\/\/apotalic.com\/\",\"logo\":{\"@type\":\"ImageObject\",\"inLanguage\":\"fr-FR\",\"@id\":\"https:\/\/apotalic.com\/#\/schema\/logo\/image\/\",\"url\":\"https:\/\/apotalic.com\/wp-content\/uploads\/2025\/05\/cropped-LOGO-SEUL-1-1.png\",\"contentUrl\":\"https:\/\/apotalic.com\/wp-content\/uploads\/2025\/05\/cropped-LOGO-SEUL-1-1.png\",\"width\":364,\"height\":101,\"caption\":\"ApoTalic \u2013 Remplacement en pharmacie (Pharma2go)\"},\"image\":{\"@id\":\"https:\/\/apotalic.com\/#\/schema\/logo\/image\/\"}}]}<\/script>\n<!-- \/ Yoast SEO plugin. -->","yoast_head_json":{"title":"Mon Engagement &#8212; Pharma2go","robots":{"index":"index","follow":"follow","max-snippet":"max-snippet:-1","max-image-preview":"max-image-preview:large","max-video-preview":"max-video-preview:-1"},"canonical":"https:\/\/apotalic.com\/fr\/our-achievements\/","og_locale":"fr_FR","og_type":"article","og_title":"Mon Engagement &#8212; Pharma2go","og_description":"Nullam ut tempor eros. Donec faucibus, velit et imperdiet aliquam, lacus velit luctus urna, vitae porttitor orci libero id felis.","og_url":"https:\/\/apotalic.com\/fr\/our-achievements\/","og_site_name":"Pharma2go","article_modified_time":"2025-05-13T15:05:50+00:00","og_image":[{"width":2560,"height":1707,"url":"https:\/\/apotalic.com\/wp-content\/uploads\/2025\/05\/pexels-rdne-8580782-1-edited-scaled.jpg","type":"image\/jpeg"}],"twitter_card":"summary_large_image","schema":{"@context":"https:\/\/schema.org","@graph":[{"@type":"WebPage","@id":"https:\/\/apotalic.com\/our-achievements\/","url":"https:\/\/apotalic.com\/our-achievements\/","name":"Mon Engagement &#8212; Pharma2go","isPartOf":{"@id":"https:\/\/apotalic.com\/#website"},"primaryImageOfPage":{"@id":"https:\/\/apotalic.com\/our-achievements\/#primaryimage"},"image":{"@id":"https:\/\/apotalic.com\/our-achievements\/#primaryimage"},"thumbnailUrl":"https:\/\/apotalic.com\/wp-content\/uploads\/2025\/05\/pexels-rdne-8580782-1-edited-scaled.jpg","datePublished":"2016-02-12T08:10:47+00:00","dateModified":"2025-05-13T15:05:50+00:00","breadcrumb":{"@id":"https:\/\/apotalic.com\/our-achievements\/#breadcrumb"},"inLanguage":"fr-FR","potentialAction":[{"@type":"ReadAction","target":["https:\/\/apotalic.com\/our-achievements\/"]}]},{"@type":"ImageObject","inLanguage":"fr-FR","@id":"https:\/\/apotalic.com\/our-achievements\/#primaryimage","url":"https:\/\/apotalic.com\/wp-content\/uploads\/2025\/05\/pexels-rdne-8580782-1-edited-scaled.jpg","contentUrl":"https:\/\/apotalic.com\/wp-content\/uploads\/2025\/05\/pexels-rdne-8580782-1-edited-scaled.jpg","width":2560,"height":1707},{"@type":"BreadcrumbList","@id":"https:\/\/apotalic.com\/our-achievements\/#breadcrumb","itemListElement":[{"@type":"ListItem","position":1,"name":"Accueil","item":"https:\/\/apotalic.com\/"},{"@type":"ListItem","position":2,"name":"Mon Engagement"}]},{"@type":"WebSite","@id":"https:\/\/apotalic.com\/#website","url":"https:\/\/apotalic.com\/","name":"Pharma2go","description":"Remplacement en pharmacie dans toute la Suisse","publisher":{"@id":"https:\/\/apotalic.com\/#organization"},"alternateName":"ApoTalic","potentialAction":[{"@type":"SearchAction","target":{"@type":"EntryPoint","urlTemplate":"https:\/\/apotalic.com\/?s={search_term_string}"},"query-input":{"@type":"PropertyValueSpecification","valueRequired":true,"valueName":"search_term_string"}}],"inLanguage":"fr-FR"},{"@type":"Organization","@id":"https:\/\/apotalic.com\/#organization","name":"ApoTalic \u2013 Remplacement en pharmacie (Pharma2go)","url":"https:\/\/apotalic.com\/","logo":{"@type":"ImageObject","inLanguage":"fr-FR","@id":"https:\/\/apotalic.com\/#\/schema\/logo\/image\/","url":"https:\/\/apotalic.com\/wp-content\/uploads\/2025\/05\/cropped-LOGO-SEUL-1-1.png","contentUrl":"https:\/\/apotalic.com\/wp-content\/uploads\/2025\/05\/cropped-LOGO-SEUL-1-1.png","width":364,"height":101,"caption":"ApoTalic \u2013 Remplacement en pharmacie (Pharma2go)"},"image":{"@id":"https:\/\/apotalic.com\/#\/schema\/logo\/image\/"}}]}},"_links":{"self":[{"href":"https:\/\/apotalic.com\/fr\/wp-json\/wp\/v2\/pages\/21","targetHints":{"allow":["GET"]}}],"collection":[{"href":"https:\/\/apotalic.com\/fr\/wp-json\/wp\/v2\/pages"}],"about":[{"href":"https:\/\/apotalic.com\/fr\/wp-json\/wp\/v2\/types\/page"}],"author":[{"embeddable":true,"href":"https:\/\/apotalic.com\/fr\/wp-json\/wp\/v2\/users\/2"}],"replies":[{"embeddable":true,"href":"https:\/\/apotalic.com\/fr\/wp-json\/wp\/v2\/comments?post=21"}],"version-history":[{"count":15,"href":"https:\/\/apotalic.com\/fr\/wp-json\/wp\/v2\/pages\/21\/revisions"}],"predecessor-version":[{"id":1621,"href":"https:\/\/apotalic.com\/fr\/wp-json\/wp\/v2\/pages\/21\/revisions\/1621"}],"wp:featuredmedia":[{"embeddable":true,"href":"https:\/\/apotalic.com\/fr\/wp-json\/wp\/v2\/media\/1499"}],"wp:attachment":[{"href":"https:\/\/apotalic.com\/fr\/wp-json\/wp\/v2\/media?parent=21"}],"curies":[{"name":"wp","href":"https:\/\/api.w.org\/{rel}","templated":true}]}}